{"id":219,"date":"2020-05-12T03:43:04","date_gmt":"2020-05-12T01:43:04","guid":{"rendered":"https:\/\/clinicadelpiesantaeugenia.com\/index.php\/services\/"},"modified":"2023-09-24T15:26:59","modified_gmt":"2023-09-24T13:26:59","slug":"servicios","status":"publish","type":"page","link":"https:\/\/clinicadelpiesantaeugenia.com\/index.php\/servicios\/","title":{"rendered":"Servicios"},"content":{"rendered":"\n<div class=\"wp-block-uagb-container uagb-block-c1e2fce7 alignfull uagb-is-root-container\"><div class=\"uagb-container-inner-blocks-wrap\">\n<div class=\"wp-block-uagb-advanced-heading uagb-block-c767fabd\"><h1 class=\"uagb-heading-text\">Servicios\u200b<\/h1><\/div>\n<\/div><\/div>\n\n\n\n<div class=\"wp-block-uagb-container uagb-block-610baaad alignfull uagb-is-root-container\"><div class=\"uagb-container-inner-blocks-wrap\">\n<div class=\"wp-block-uagb-container uagb-block-31b295f2\">\n<div class=\"wp-block-uagb-info-box uagb-block-2a89b7d9 uagb-infobox__content-wrap  uagb-infobox-icon-above-title uagb-infobox-image-valign-top\"><div class=\"uagb-ifb-content\"><div class=\"uagb-ifb-title-wrap\"><h2 class=\"uagb-ifb-title\">Evaluaci\u00f3n podol\u00f3gica<\/h2><\/div><p class=\"uagb-ifb-desc\">Una revisi\u00f3n completa de la salud y estructura de los pies para identificar problemas como callos, durezas, deformidades, problemas de la piel, u\u00f1as encarnadas, juanetes, entre otros.\u200b<\/p><div class=\"uagb-ifb-button-wrapper wp-block-button\"><a href=\"https:\/\/clinicadelpiesantaeugenia.com\/index.php\/contacto\/\" class=\"uagb-infobox-cta-link wp-block-button__link\" target=\"_self\" rel=\"noopener noreferrer\" onclick=\"return true;\" alt=\"\"><span class=\"uagb-inline-editing\">Contacta<\/span><\/a><\/div><\/div><\/div>\n<\/div>\n\n\n\n<div class=\"wp-block-uagb-container uagb-block-7db25ae8\">\n<div class=\"wp-block-uagb-image uagb-block-f23a0025 wp-block-uagb-image--layout-default wp-block-uagb-image--effect-static wp-block-uagb-image--align-none\"><figure class=\"wp-block-uagb-image__figure\"><img decoding=\"async\" srcset=\"https:\/\/clinicadelpiesantaeugenia.com\/wp-content\/uploads\/2023\/09\/evaluacion-edited-scaled.jpg \" sizes=\"(max-width: 480px) 150px\" src=\"https:\/\/clinicadelpiesantaeugenia.com\/wp-content\/uploads\/2023\/09\/evaluacion-edited-scaled.jpg\" alt=\"\" class=\"uag-image-1070\" width=\"1024\" height=\"682\" title=\"\" loading=\"lazy\"\/><\/figure><\/div>\n<\/div>\n<\/div><\/div>\n\n\n\n<div class=\"wp-block-uagb-container uagb-block-0fa8dc87 alignfull uagb-is-root-container\"><div class=\"uagb-container-inner-blocks-wrap\">\n<div class=\"wp-block-uagb-container uagb-block-aaa491a8\">\n<div class=\"wp-block-uagb-image uagb-block-95ad5af2 wp-block-uagb-image--layout-default wp-block-uagb-image--effect-static wp-block-uagb-image--align-none\"><figure class=\"wp-block-uagb-image__figure\"><img decoding=\"async\" srcset=\"https:\/\/clinicadelpiesantaeugenia.com\/wp-content\/uploads\/2023\/09\/callos-edited-scaled.jpeg \" sizes=\"(max-width: 480px) 150px\" src=\"https:\/\/clinicadelpiesantaeugenia.com\/wp-content\/uploads\/2023\/09\/callos-edited-scaled.jpeg\" alt=\"\" class=\"uag-image-1068\" width=\"1024\" height=\"682\" title=\"\" loading=\"lazy\"\/><\/figure><\/div>\n<\/div>\n\n\n\n<div class=\"wp-block-uagb-container uagb-block-273f62cc\">\n<div class=\"wp-block-uagb-info-box uagb-block-f179cbd3 uagb-infobox__content-wrap  uagb-infobox-icon-above-title uagb-infobox-image-valign-top\"><div class=\"uagb-ifb-content\"><div class=\"uagb-ifb-title-wrap\"><h2 class=\"uagb-ifb-title\">Tratamiento de callos y durezas<\/h2><\/div><p class=\"uagb-ifb-desc\">Eliminaci\u00f3n de callosidades y durezas que pueden causar dolor y molestias en los pies.\u200b<\/p><div class=\"uagb-ifb-button-wrapper wp-block-button\"><a href=\"https:\/\/clinicadelpiesantaeugenia.com\/index.php\/contacto\/\" class=\"uagb-infobox-cta-link wp-block-button__link\" target=\"_self\" rel=\"noopener noreferrer\" onclick=\"return true;\" alt=\"\"><span class=\"uagb-inline-editing\">Contacta<\/span><\/a><\/div><\/div><\/div>\n<\/div>\n<\/div><\/div>\n\n\n\n<div class=\"wp-block-uagb-container uagb-block-a3c85d3f alignfull uagb-is-root-container\"><div class=\"uagb-container-inner-blocks-wrap\">\n<div class=\"wp-block-uagb-container uagb-block-4502a8bd\">\n<div class=\"wp-block-uagb-info-box uagb-block-109f07e7 uagb-infobox__content-wrap  uagb-infobox-icon-above-title uagb-infobox-image-valign-top\"><div class=\"uagb-ifb-content\"><div class=\"uagb-ifb-title-wrap\"><h2 class=\"uagb-ifb-title\">Tratamiento de u\u00f1as encarnadas<\/h2><\/div><p class=\"uagb-ifb-desc\">Correcci\u00f3n de u\u00f1as que han crecido de manera incorrecta y est\u00e1n causando dolor o infecciones.\u200b<\/p><div class=\"uagb-ifb-button-wrapper wp-block-button\"><a href=\"https:\/\/clinicadelpiesantaeugenia.com\/index.php\/contacto\/\" class=\"uagb-infobox-cta-link wp-block-button__link\" target=\"_self\" rel=\"noopener noreferrer\" onclick=\"return true;\" alt=\"\"><span class=\"uagb-inline-editing\">Contacta<\/span><\/a><\/div><\/div><\/div>\n<\/div>\n\n\n\n<div class=\"wp-block-uagb-container uagb-block-a82f2522\">\n<div class=\"wp-block-uagb-image uagb-block-18897b0b wp-block-uagb-image--layout-default wp-block-uagb-image--effect-static wp-block-uagb-image--align-none\"><figure class=\"wp-block-uagb-image__figure\"><img decoding=\"async\" srcset=\"https:\/\/clinicadelpiesantaeugenia.com\/wp-content\/uploads\/2023\/09\/iStock-1404357540-edited-scaled.jpg \" sizes=\"(max-width: 480px) 150px\" src=\"https:\/\/clinicadelpiesantaeugenia.com\/wp-content\/uploads\/2023\/09\/iStock-1404357540-edited-scaled.jpg\" alt=\"\" class=\"uag-image-1072\" width=\"1024\" height=\"682\" title=\"\" loading=\"lazy\"\/><\/figure><\/div>\n<\/div>\n<\/div><\/div>\n\n\n\n<div class=\"wp-block-uagb-container uagb-block-28bd15f8 alignfull uagb-is-root-container\"><div class=\"uagb-container-inner-blocks-wrap\">\n<div class=\"wp-block-uagb-container uagb-block-3b1e3f3a\">\n<div class=\"wp-block-uagb-image uagb-block-7de5b05d wp-block-uagb-image--layout-default wp-block-uagb-image--effect-static wp-block-uagb-image--align-none\"><figure class=\"wp-block-uagb-image__figure\"><img decoding=\"async\" srcset=\"https:\/\/clinicadelpiesantaeugenia.com\/wp-content\/uploads\/2023\/09\/estudio-pisada-2-edited.jpeg \" sizes=\"(max-width: 480px) 150px\" src=\"https:\/\/clinicadelpiesantaeugenia.com\/wp-content\/uploads\/2023\/09\/estudio-pisada-2-edited.jpeg\" alt=\"\" class=\"uag-image-1078\" width=\"1024\" height=\"682\" title=\"\" loading=\"lazy\"\/><\/figure><\/div>\n<\/div>\n\n\n\n<div class=\"wp-block-uagb-container uagb-block-f99dea80\">\n<div class=\"wp-block-uagb-info-box uagb-block-53f6acc9 uagb-infobox__content-wrap  uagb-infobox-icon-above-title uagb-infobox-image-valign-top\"><div class=\"uagb-ifb-content\"><div class=\"uagb-ifb-title-wrap\"><h2 class=\"uagb-ifb-title\">Estudios de la pisada<\/h2><\/div><p class=\"uagb-ifb-desc\">An\u00e1lisis de la forma en que una persona camina o corre para diagnosticar problemas de la pisada como la pronaci\u00f3n o supinaci\u00f3n excesiva. Esto puede llevar a la recomendaci\u00f3n de plantillas ortop\u00e9dicas.\u200b<\/p><div class=\"uagb-ifb-button-wrapper wp-block-button\"><a href=\"https:\/\/clinicadelpiesantaeugenia.com\/index.php\/contacto\/\" class=\"uagb-infobox-cta-link wp-block-button__link\" target=\"_self\" rel=\"noopener noreferrer\" onclick=\"return true;\" alt=\"\"><span class=\"uagb-inline-editing\">Contacta<\/span><\/a><\/div><\/div><\/div>\n<\/div>\n<\/div><\/div>\n\n\n\n<div class=\"wp-block-uagb-container uagb-block-960e74b8 alignfull uagb-is-root-container\"><div class=\"uagb-container-inner-blocks-wrap\">\n<div class=\"wp-block-uagb-container uagb-block-aabf50b8\">\n<div class=\"wp-block-uagb-info-box uagb-block-381369f9 uagb-infobox__content-wrap  uagb-infobox-icon-above-title uagb-infobox-image-valign-top\"><div class=\"uagb-ifb-content\"><div class=\"uagb-ifb-title-wrap\"><h2 class=\"uagb-ifb-title\">Plantillas ortop\u00e9dicas<\/h2><\/div><p class=\"uagb-ifb-desc\">Fabricaci\u00f3n y ajuste de plantillas personalizadas para corregir problemas de la pisada y proporcionar soporte adicional para los pies.<\/p><div class=\"uagb-ifb-button-wrapper wp-block-button\"><a href=\"https:\/\/clinicadelpiesantaeugenia.com\/index.php\/contacto\/\" class=\"uagb-infobox-cta-link wp-block-button__link\" target=\"_self\" rel=\"noopener noreferrer\" onclick=\"return true;\" alt=\"\"><span class=\"uagb-inline-editing\">Contacta<\/span><\/a><\/div><\/div><\/div>\n<\/div>\n\n\n\n<div class=\"wp-block-uagb-container uagb-block-2afe1238\">\n<div class=\"wp-block-uagb-image uagb-block-faae8222 wp-block-uagb-image--layout-default wp-block-uagb-image--effect-static wp-block-uagb-image--align-none\"><figure class=\"wp-block-uagb-image__figure\"><img decoding=\"async\" srcset=\"https:\/\/clinicadelpiesantaeugenia.com\/wp-content\/uploads\/2023\/09\/plantillas-edited-scaled.jpg \" sizes=\"(max-width: 480px) 150px\" src=\"https:\/\/clinicadelpiesantaeugenia.com\/wp-content\/uploads\/2023\/09\/plantillas-edited-scaled.jpg\" alt=\"\" class=\"uag-image-1080\" width=\"1024\" height=\"682\" title=\"\" loading=\"lazy\"\/><\/figure><\/div>\n<\/div>\n<\/div><\/div>\n\n\n\n<div class=\"wp-block-uagb-container uagb-block-23272782 alignfull uagb-is-root-container\"><div class=\"uagb-container-inner-blocks-wrap\">\n<div class=\"wp-block-uagb-container uagb-block-6ab0ad80\">\n<div class=\"wp-block-uagb-image uagb-block-7a3a0ff9 wp-block-uagb-image--layout-default wp-block-uagb-image--effect-static wp-block-uagb-image--align-none\"><figure class=\"wp-block-uagb-image__figure\"><img decoding=\"async\" srcset=\"https:\/\/clinicadelpiesantaeugenia.com\/wp-content\/uploads\/2023\/09\/ortesis-edited-scaled.jpg \" sizes=\"(max-width: 480px) 150px\" src=\"https:\/\/clinicadelpiesantaeugenia.com\/wp-content\/uploads\/2023\/09\/ortesis-edited-scaled.jpg\" alt=\"\" class=\"uag-image-1082\" width=\"1024\" height=\"682\" title=\"\" loading=\"lazy\"\/><\/figure><\/div>\n<\/div>\n\n\n\n<div class=\"wp-block-uagb-container uagb-block-ef42da2b\">\n<div class=\"wp-block-uagb-info-box uagb-block-64b3e172 uagb-infobox__content-wrap  uagb-infobox-icon-above-title uagb-infobox-image-valign-top\"><div class=\"uagb-ifb-content\"><div class=\"uagb-ifb-title-wrap\"><h2 class=\"uagb-ifb-title\">Ortesis de silicona<\/h2><\/div><p class=\"uagb-ifb-desc\">Para corregir o controlar deformaciones en los pies y prevenir futuras patolog\u00edas m\u00e1s graves.\u200b<\/p><div class=\"uagb-ifb-button-wrapper wp-block-button\"><a href=\"https:\/\/clinicadelpiesantaeugenia.com\/index.php\/contacto\/\" class=\"uagb-infobox-cta-link wp-block-button__link\" target=\"_self\" rel=\"noopener noreferrer\" onclick=\"return true;\" alt=\"\"><span class=\"uagb-inline-editing\">Contacta<\/span><\/a><\/div><\/div><\/div>\n<\/div>\n<\/div><\/div>\n\n\n\n<div class=\"wp-block-uagb-container uagb-block-67b0e4a4 alignfull uagb-is-root-container\"><div class=\"uagb-container-inner-blocks-wrap\">\n<div class=\"wp-block-uagb-container uagb-block-ff3a87e3\">\n<div class=\"wp-block-uagb-info-box uagb-block-e3ab5e56 uagb-infobox__content-wrap  uagb-infobox-icon-above-title uagb-infobox-image-valign-top\"><div class=\"uagb-ifb-content\"><div class=\"uagb-ifb-title-wrap\"><h2 class=\"uagb-ifb-title\">Tratamiento de hongos en las u\u00f1as<\/h2><\/div><p class=\"uagb-ifb-desc\">Terapias para combatir las infecciones mic\u00f3ticas en las u\u00f1as y restaurar su salud.\u200b<\/p><div class=\"uagb-ifb-button-wrapper wp-block-button\"><a href=\"https:\/\/clinicadelpiesantaeugenia.com\/index.php\/contacto\/\" class=\"uagb-infobox-cta-link wp-block-button__link\" target=\"_self\" rel=\"noopener noreferrer\" onclick=\"return true;\" alt=\"\"><span class=\"uagb-inline-editing\">Contacta<\/span><\/a><\/div><\/div><\/div>\n<\/div>\n\n\n\n<div class=\"wp-block-uagb-container uagb-block-7f57bf6d\">\n<div class=\"wp-block-uagb-image uagb-block-ede85259 wp-block-uagb-image--layout-default wp-block-uagb-image--effect-static wp-block-uagb-image--align-none\"><figure class=\"wp-block-uagb-image__figure\"><img decoding=\"async\" srcset=\"https:\/\/clinicadelpiesantaeugenia.com\/wp-content\/uploads\/2023\/09\/hongos-edited-scaled.jpg \" sizes=\"(max-width: 480px) 150px\" src=\"https:\/\/clinicadelpiesantaeugenia.com\/wp-content\/uploads\/2023\/09\/hongos-edited-scaled.jpg\" alt=\"\" class=\"uag-image-1084\" width=\"1024\" height=\"682\" title=\"\" loading=\"lazy\"\/><\/figure><\/div>\n<\/div>\n<\/div><\/div>\n\n\n\n<div class=\"wp-block-uagb-container uagb-block-8abb8316 alignfull uagb-is-root-container\"><div class=\"uagb-container-inner-blocks-wrap\">\n<div class=\"wp-block-uagb-container uagb-block-1d269c75\">\n<div class=\"wp-block-uagb-image uagb-block-9435b5da wp-block-uagb-image--layout-default wp-block-uagb-image--effect-static wp-block-uagb-image--align-none\"><figure class=\"wp-block-uagb-image__figure\"><img decoding=\"async\" srcset=\"https:\/\/clinicadelpiesantaeugenia.com\/wp-content\/uploads\/2023\/09\/cirugia-edited-scaled.jpg \" sizes=\"(max-width: 480px) 150px\" src=\"https:\/\/clinicadelpiesantaeugenia.com\/wp-content\/uploads\/2023\/09\/cirugia-edited-scaled.jpg\" alt=\"\" class=\"uag-image-1087\" width=\"1024\" height=\"682\" title=\"\" loading=\"lazy\"\/><\/figure><\/div>\n<\/div>\n\n\n\n<div class=\"wp-block-uagb-container uagb-block-2fff0318\">\n<div class=\"wp-block-uagb-info-box uagb-block-a5007a69 uagb-infobox__content-wrap  uagb-infobox-icon-above-title uagb-infobox-image-valign-top\"><div class=\"uagb-ifb-content\"><div class=\"uagb-ifb-title-wrap\"><h2 class=\"uagb-ifb-title\">Cirug\u00eda podol\u00f3gica<\/h2><\/div><p class=\"uagb-ifb-desc\">En casos m\u00e1s graves, se pueden realizar procedimientos quir\u00fargicos para tratar deformidades, juanetes, espolones calc\u00e1neos y otras afecciones.<\/p><div class=\"uagb-ifb-button-wrapper wp-block-button\"><a href=\"https:\/\/clinicadelpiesantaeugenia.com\/index.php\/contacto\/\" class=\"uagb-infobox-cta-link wp-block-button__link\" target=\"_self\" rel=\"noopener noreferrer\" onclick=\"return true;\" alt=\"\"><span class=\"uagb-inline-editing\">Contacta<\/span><\/a><\/div><\/div><\/div>\n<\/div>\n<\/div><\/div>\n\n\n\n<div class=\"wp-block-uagb-container uagb-block-d07f829e alignfull uagb-is-root-container\"><div class=\"uagb-container-inner-blocks-wrap\">\n<div class=\"wp-block-uagb-container uagb-block-df59d3d1\">\n<div class=\"wp-block-uagb-info-box uagb-block-d4e16a97 uagb-infobox__content-wrap  uagb-infobox-icon-above-title uagb-infobox-image-valign-top\"><div class=\"uagb-ifb-content\"><div class=\"uagb-ifb-title-wrap\"><h2 class=\"uagb-ifb-title\">Terapia f\u00edsica podol\u00f3gica<\/h2><\/div><p class=\"uagb-ifb-desc\">Ejercicios y t\u00e9cnicas de fisioterapia espec\u00edficos para el pie y el tobillo, \u00fatiles para la recuperaci\u00f3n despu\u00e9s de lesiones o cirug\u00edas.\u200b<\/p><div class=\"uagb-ifb-button-wrapper wp-block-button\"><a href=\"https:\/\/clinicadelpiesantaeugenia.com\/index.php\/contacto\/\" class=\"uagb-infobox-cta-link wp-block-button__link\" target=\"_self\" rel=\"noopener noreferrer\" onclick=\"return true;\" alt=\"\"><span class=\"uagb-inline-editing\">Contacta<\/span><\/a><\/div><\/div><\/div>\n<\/div>\n\n\n\n<div class=\"wp-block-uagb-container uagb-block-7e963f54\">\n<div class=\"wp-block-uagb-image uagb-block-79380828 wp-block-uagb-image--layout-default wp-block-uagb-image--effect-static wp-block-uagb-image--align-none\"><figure class=\"wp-block-uagb-image__figure\"><img decoding=\"async\" srcset=\"https:\/\/clinicadelpiesantaeugenia.com\/wp-content\/uploads\/2023\/09\/terapia-fisica-edited-scaled.jpg \" sizes=\"(max-width: 480px) 150px\" src=\"https:\/\/clinicadelpiesantaeugenia.com\/wp-content\/uploads\/2023\/09\/terapia-fisica-edited-scaled.jpg\" alt=\"\" class=\"uag-image-1090\" width=\"1024\" height=\"682\" title=\"\" loading=\"lazy\"\/><\/figure><\/div>\n<\/div>\n<\/div><\/div>\n\n\n\n<div class=\"wp-block-uagb-container uagb-block-81543b54 alignfull uagb-is-root-container\"><div class=\"uagb-container-inner-blocks-wrap\">\n<div class=\"wp-block-uagb-container uagb-block-a4ed4bd1\">\n<div class=\"wp-block-uagb-image uagb-block-f6a9eb4a wp-block-uagb-image--layout-default wp-block-uagb-image--effect-static wp-block-uagb-image--align-none\"><figure class=\"wp-block-uagb-image__figure\"><img decoding=\"async\" srcset=\"https:\/\/clinicadelpiesantaeugenia.com\/wp-content\/uploads\/2023\/09\/verrugas-edited-scaled.jpg \" sizes=\"(max-width: 480px) 150px\" src=\"https:\/\/clinicadelpiesantaeugenia.com\/wp-content\/uploads\/2023\/09\/verrugas-edited-scaled.jpg\" alt=\"\" class=\"uag-image-1094\" width=\"1024\" height=\"682\" title=\"\" loading=\"lazy\"\/><\/figure><\/div>\n<\/div>\n\n\n\n<div class=\"wp-block-uagb-container uagb-block-d4941bb7\">\n<div class=\"wp-block-uagb-info-box uagb-block-d3030282 uagb-infobox__content-wrap  uagb-infobox-icon-above-title uagb-infobox-image-valign-top\"><div class=\"uagb-ifb-content\"><div class=\"uagb-ifb-title-wrap\"><h2 class=\"uagb-ifb-title\">Tratamiento de verrugas plantares<\/h2><\/div><p class=\"uagb-ifb-desc\">Eliminaci\u00f3n de verrugas en la planta del pie, que pueden ser dolorosas y molestas.\u200b<\/p><div class=\"uagb-ifb-button-wrapper wp-block-button\"><a href=\"https:\/\/clinicadelpiesantaeugenia.com\/index.php\/contacto\/\" class=\"uagb-infobox-cta-link wp-block-button__link\" target=\"_self\" rel=\"noopener noreferrer\" onclick=\"return true;\" alt=\"\"><span class=\"uagb-inline-editing\">Contacta<\/span><\/a><\/div><\/div><\/div>\n<\/div>\n<\/div><\/div>\n\n\n\n<div class=\"wp-block-uagb-container uagb-block-6ce820b8 alignfull uagb-is-root-container\"><div class=\"uagb-container-inner-blocks-wrap\">\n<div class=\"wp-block-uagb-container uagb-block-8c20ac97\">\n<div class=\"wp-block-uagb-info-box uagb-block-e7dd138e uagb-infobox__content-wrap  uagb-infobox-icon-above-title uagb-infobox-image-valign-top\"><div class=\"uagb-ifb-content\"><div class=\"uagb-ifb-title-wrap\"><h2 class=\"uagb-ifb-title\">Atenci\u00f3n al paciente diab\u00e9tico<\/h2><\/div><p class=\"uagb-ifb-desc\">Evaluaci\u00f3n y cuidado especializado para pacientes con diabetes, ya que est\u00e1n en mayor riesgo de problemas en los pies.<\/p><div class=\"uagb-ifb-button-wrapper wp-block-button\"><a href=\"https:\/\/clinicadelpiesantaeugenia.com\/index.php\/contacto\/\" class=\"uagb-infobox-cta-link wp-block-button__link\" target=\"_self\" rel=\"noopener noreferrer\" onclick=\"return true;\" alt=\"\"><span class=\"uagb-inline-editing\">Contacta<\/span><\/a><\/div><\/div><\/div>\n<\/div>\n\n\n\n<div class=\"wp-block-uagb-container uagb-block-02f5df1c\">\n<div class=\"wp-block-uagb-image uagb-block-241b58aa wp-block-uagb-image--layout-default wp-block-uagb-image--effect-static wp-block-uagb-image--align-none\"><figure class=\"wp-block-uagb-image__figure\"><img decoding=\"async\" srcset=\"https:\/\/clinicadelpiesantaeugenia.com\/wp-content\/uploads\/2023\/09\/diabetico-1024x683.jpg \" sizes=\"(max-width: 480px) 150px\" src=\"https:\/\/clinicadelpiesantaeugenia.com\/wp-content\/uploads\/2023\/09\/diabetico-1024x683.jpg\" alt=\"\" class=\"uag-image-1095\" width=\"1024\" height=\"682\" title=\"\" loading=\"lazy\"\/><\/figure><\/div>\n<\/div>\n<\/div><\/div>\n\n\n\n<div class=\"wp-block-uagb-container uagb-block-1e38848b alignfull uagb-is-root-container\"><div class=\"uagb-container-inner-blocks-wrap\">\n<div class=\"wp-block-uagb-container uagb-block-01663bd6\">\n<div class=\"wp-block-uagb-image uagb-block-b8ba87b5 wp-block-uagb-image--layout-default wp-block-uagb-image--effect-static wp-block-uagb-image--align-none\"><figure class=\"wp-block-uagb-image__figure\"><img decoding=\"async\" srcset=\"https:\/\/clinicadelpiesantaeugenia.com\/wp-content\/uploads\/2023\/09\/educacion-1-edited-scaled.jpg \" sizes=\"(max-width: 480px) 150px\" src=\"https:\/\/clinicadelpiesantaeugenia.com\/wp-content\/uploads\/2023\/09\/educacion-1-edited-scaled.jpg\" alt=\"\" class=\"uag-image-1101\" width=\"1024\" height=\"682\" title=\"\" loading=\"lazy\"\/><\/figure><\/div>\n<\/div>\n\n\n\n<div class=\"wp-block-uagb-container uagb-block-122af15f\">\n<div class=\"wp-block-uagb-info-box uagb-block-e279b4e2 uagb-infobox__content-wrap  uagb-infobox-icon-above-title uagb-infobox-image-valign-top\"><div class=\"uagb-ifb-content\"><div class=\"uagb-ifb-title-wrap\"><h2 class=\"uagb-ifb-title\">Consejer\u00eda y educaci\u00f3n<\/h2><\/div><p class=\"uagb-ifb-desc\">Proporcionar orientaci\u00f3n y educaci\u00f3n sobre el autocuidado de los pies, la elecci\u00f3n de calzado adecuado y la prevenci\u00f3n de problemas futuros.<\/p><div class=\"uagb-ifb-button-wrapper wp-block-button\"><a href=\"https:\/\/clinicadelpiesantaeugenia.com\/index.php\/contacto\/\" class=\"uagb-infobox-cta-link wp-block-button__link\" target=\"_self\" rel=\"noopener noreferrer\" onclick=\"return true;\" alt=\"\"><span class=\"uagb-inline-editing\">Contacta<\/span><\/a><\/div><\/div><\/div>\n<\/div>\n<\/div><\/div>\n\n\n\n<div class=\"wp-block-uagb-container uagb-block-8496e2c5 alignfull uagb-is-root-container\"><div class=\"uagb-container-inner-blocks-wrap\">\n<p style=\"margin-top:var(--wp--preset--spacing--20);margin-right:var(--wp--preset--spacing--20);margin-bottom:var(--wp--preset--spacing--20);margin-left:var(--wp--preset--spacing--20)\">Recuerda que es importante buscar atenci\u00f3n profesional si experimentas dolor en los pies, cambios en las u\u00f1as o cualquier otro problema podol\u00f3gico para recibir un diagn\u00f3stico preciso y un tratamiento adecuado<\/p>\n<\/div><\/div>\n","protected":false},"excerpt":{"rendered":"<p>Servicios\u200b Recuerda que es importante buscar atenci\u00f3n profesional si experimentas dolor en los pies, cambios en las u\u00f1as o cualquier otro problema podol\u00f3gico para recibir un diagn\u00f3stico preciso y un tratamiento adecuado<\/p>\n","protected":false},"author":1,"featured_media":0,"parent":0,"menu_order":0,"comment_status":"closed","ping_status":"closed","template":"","meta":{"_uag_custom_page_level_css":"","_monsterinsights_skip_tracking":false,"_monsterinsights_sitenote_active":false,"_monsterinsights_sitenote_note":"","_monsterinsights_sitenote_category":0,"site-sidebar-layout":"no-sidebar","site-content-layout":"plain-container","ast-site-content-layout":"normal-width-container","site-content-style":"unboxed","site-sidebar-style":"unboxed","ast-global-header-display":"","ast-banner-title-visibility":"","ast-main-header-display":"","ast-hfb-above-header-display":"","ast-hfb-below-header-display":"","ast-hfb-mobile-header-display":"","site-post-title":"disabled","ast-breadcrumbs-content":"","ast-featured-img":"disabled","footer-sml-layout":"","theme-transparent-header-meta":"disabled","adv-header-id-meta":"","stick-header-meta":"","header-above-stick-meta":"","header-main-stick-meta":"","header-below-stick-meta":"","astra-migrate-meta-layouts":"set","footnotes":""},"aioseo_notices":[],"uagb_featured_image_src":{"full":false,"thumbnail":false,"medium":false,"medium_large":false,"large":false,"1536x1536":false,"2048x2048":false,"woocommerce_thumbnail":false,"woocommerce_single":false,"woocommerce_gallery_thumbnail":false},"uagb_author_info":{"display_name":"clinicadelpiesantaeugenia.com","author_link":"https:\/\/clinicadelpiesantaeugenia.com\/index.php\/author\/clinicadelpiesantaeugenia-com\/"},"uagb_comment_info":0,"uagb_excerpt":"Servicios\u200b Recuerda que es importante buscar atenci\u00f3n profesional si experimentas dolor en los pies, cambios en las u\u00f1as o cualquier otro problema podol\u00f3gico para recibir un diagn\u00f3stico preciso y un tratamiento adecuado","_links":{"self":[{"href":"https:\/\/clinicadelpiesantaeugenia.com\/index.php\/wp-json\/wp\/v2\/pages\/219"}],"collection":[{"href":"https:\/\/clinicadelpiesantaeugenia.com\/index.php\/wp-json\/wp\/v2\/pages"}],"about":[{"href":"https:\/\/clinicadelpiesantaeugenia.com\/index.php\/wp-json\/wp\/v2\/types\/page"}],"author":[{"embeddable":true,"href":"https:\/\/clinicadelpiesantaeugenia.com\/index.php\/wp-json\/wp\/v2\/users\/1"}],"replies":[{"embeddable":true,"href":"https:\/\/clinicadelpiesantaeugenia.com\/index.php\/wp-json\/wp\/v2\/comments?post=219"}],"version-history":[{"count":18,"href":"https:\/\/clinicadelpiesantaeugenia.com\/index.php\/wp-json\/wp\/v2\/pages\/219\/revisions"}],"predecessor-version":[{"id":1182,"href":"https:\/\/clinicadelpiesantaeugenia.com\/index.php\/wp-json\/wp\/v2\/pages\/219\/revisions\/1182"}],"wp:attachment":[{"href":"https:\/\/clinicadelpiesantaeugenia.com\/index.php\/wp-json\/wp\/v2\/media?parent=219"}],"curies":[{"name":"wp","href":"https:\/\/api.w.org\/{rel}","templated":true}]}}