{"id":218,"date":"2020-05-12T03:43:04","date_gmt":"2020-05-12T01:43:04","guid":{"rendered":"https:\/\/clinicadelpiesantaeugenia.com\/index.php\/about\/"},"modified":"2023-09-29T14:30:13","modified_gmt":"2023-09-29T12:30:13","slug":"sobre-nosotros","status":"publish","type":"page","link":"https:\/\/clinicadelpiesantaeugenia.com\/index.php\/sobre-nosotros\/","title":{"rendered":"Sobre nosotros"},"content":{"rendered":"\n<div class=\"wp-block-uagb-container uagb-block-f6474934 alignfull uagb-is-root-container\"><div class=\"uagb-container-inner-blocks-wrap\">\n<div class=\"wp-block-uagb-advanced-heading uagb-block-b47deef7\"><h1 class=\"uagb-heading-text\">Sobre nosotros\u200b<\/h1><\/div>\n<\/div><\/div>\n\n\n\n<div class=\"wp-block-uagb-container uagb-block-da5d164a alignwide uagb-is-root-container\">\n<div class=\"wp-block-uagb-container uagb-block-2b01c8b2\">\n<div class=\"wp-block-uagb-info-box uagb-block-0ef86749 uagb-infobox__content-wrap  uagb-infobox-icon-above-title uagb-infobox-image-valign-top\"><div class=\"uagb-ifb-content\"><div class=\"uagb-ifb-title-wrap\"><\/div><p class=\"uagb-ifb-desc\"><br><br>En Cl\u00ednica del pie Santa Eugenia llevamos m\u00e1s de 25 a\u00f1os cuidando de la salud de los pies de nuestros pacientes. Nuestra cl\u00ednica se distingue por ofrecer una atenci\u00f3n integral y de alta calidad a pacientes de todas las edades que buscan mejorar su salud y bienestar a trav\u00e9s de la podolog\u00eda.<br>&nbsp;<br>Nuestras instalaciones est\u00e1n dise\u00f1adas pensando en la comodidad y el bienestar de nuestros pacientes. Nuestro equipo de profesionales altamente capacitados y experimentados est\u00e1 comprometido en brindar un servicio personalizado y centrado en las necesidades individuales de cada paciente.<br>&nbsp;<br>En cuanto a nuestros servicios de podolog\u00eda, ofrecemos una amplia gama de tratamientos y nos enorgullece ofrecer un enfoque hol\u00edstico de la atenci\u00f3n m\u00e9dica, donde el bienestar general del paciente es nuestra principal prioridad. Nuestro objetivo es ayudar a nuestros pacientes a recuperarse de lesiones, mejorar su calidad de vida y promover la salud a largo plazo.<br>&nbsp;<br>Si est\u00e1 buscando atenci\u00f3n especializada en podolog\u00eda, no dude en ponerse en contacto con nosotros. Estamos aqu\u00ed para ayudarle a dar pasos firmes hacia una vida m\u00e1s saludable y activa<\/p><\/div><\/div>\n\n\n\n<div class=\"wp-block-uagb-advanced-heading uagb-block-930e46bc\"><h3 class=\"uagb-heading-text\">Nuestro equipo  <\/h3><\/div>\n\n\n\n<div class=\"wp-block-uagb-container uagb-block-24eb2514 alignfull uagb-is-root-container\"><div class=\"uagb-container-inner-blocks-wrap\">\n<figure class=\"wp-block-image size-large is-resized\"><img decoding=\"async\" loading=\"lazy\" src=\"https:\/\/clinicadelpiesantaeugenia.com\/wp-content\/uploads\/2023\/09\/claudia-732x1024.jpg\" alt=\"\" class=\"wp-image-1164\" style=\"object-fit:contain;width:285px;height:421px\" width=\"285\" height=\"421\"\/><figcaption class=\"wp-element-caption\">                  <strong>Claudia L\u00f3pez P\u00e9rez    <\/strong><br>      Directora y pod\u00f3loga de la cl\u00ednica<\/figcaption><\/figure>\n\n\n\n<div class=\"wp-block-uagb-container uagb-block-fc3d5440\">\n<figure class=\"wp-block-image size-full is-resized\"><img decoding=\"async\" loading=\"lazy\" src=\"https:\/\/clinicadelpiesantaeugenia.com\/wp-content\/uploads\/2023\/09\/foto-coral-4.jpeg\" alt=\"\" class=\"wp-image-1174\" style=\"object-fit:cover;width:210px;height:310px\" width=\"210\" height=\"310\"\/><figcaption class=\"wp-element-caption\"><strong>Coral Fern\u00e1ndez Mesas       <\/strong><br>Pod\u00f3loga colaboradora<\/figcaption><\/figure>\n<\/div>\n\n\n\n<div class=\"wp-block-uagb-container uagb-block-8dece7f7\">\n<figure class=\"wp-block-image size-large is-resized\"><img decoding=\"async\" loading=\"lazy\" src=\"https:\/\/clinicadelpiesantaeugenia.com\/wp-content\/uploads\/2023\/09\/foto-cristina-1-914x1024.jpg\" alt=\"\" class=\"wp-image-1176\" style=\"object-fit:cover;width:210px;height:310px\" width=\"210\" height=\"310\"\/><figcaption class=\"wp-element-caption\"><strong>Cristina Martinez Clemente           <\/strong><br>Auxiliar administrativo<\/figcaption><\/figure>\n<\/div>\n\n\n\n<figure class=\"wp-block-image size-large is-resized\"><img decoding=\"async\" loading=\"lazy\" src=\"https:\/\/clinicadelpiesantaeugenia.com\/wp-content\/uploads\/2023\/09\/foto-paula-1-685x1024.jpg\" alt=\"\" style=\"object-fit:cover;width:210px;height:310px\" width=\"210\" height=\"310\"\/><figcaption class=\"wp-element-caption\"><strong>Paula Santos Collado<\/strong>     <br>Pod\u00f3loga colaboradora<\/figcaption><\/figure>\n<\/div><\/div>\n<\/div>\n<\/div>\n\n\n\n<h3 class=\"wp-block-heading has-text-align-left has-medium-font-size\">         <\/h3>\n\n\n\n<div class=\"wp-block-uagb-container uagb-block-9916e080 alignfull uagb-is-root-container\"><div class=\"uagb-container-inner-blocks-wrap\">\n<div class=\"wp-block-uagb-container uagb-block-ee1e4aaf\"><\/div>\n<\/div><\/div>\n\n\n\n<div class=\"wp-block-uagb-container uagb-block-6eb3bf23 alignfull uagb-is-root-container\"><div class=\"uagb-container-inner-blocks-wrap\">\n<div class=\"wp-block-uagb-container uagb-block-0cbd9c1b\">\n<figure class=\"wp-block-gallery has-nested-images columns-default is-cropped wp-block-gallery-1 is-layout-flex wp-block-gallery-is-layout-flex\">\n<figure class=\"wp-block-image size-large\"><img decoding=\"async\" loading=\"lazy\" width=\"768\" height=\"1024\" src=\"https:\/\/clinicadelpiesantaeugenia.com\/wp-content\/uploads\/2023\/09\/image10-1-768x1024.jpeg\" alt=\"\" class=\"wp-image-979\" srcset=\"https:\/\/clinicadelpiesantaeugenia.com\/wp-content\/uploads\/2023\/09\/image10-1-768x1024.jpeg 768w, https:\/\/clinicadelpiesantaeugenia.com\/wp-content\/uploads\/2023\/09\/image10-1-225x300.jpeg 225w, https:\/\/clinicadelpiesantaeugenia.com\/wp-content\/uploads\/2023\/09\/image10-1-1152x1536.jpeg 1152w, https:\/\/clinicadelpiesantaeugenia.com\/wp-content\/uploads\/2023\/09\/image10-1-1536x2048.jpeg 1536w, https:\/\/clinicadelpiesantaeugenia.com\/wp-content\/uploads\/2023\/09\/image10-1-600x800.jpeg 600w, https:\/\/clinicadelpiesantaeugenia.com\/wp-content\/uploads\/2023\/09\/image10-1-scaled.jpeg 1920w\" sizes=\"(max-width: 768px) 100vw, 768px\" \/><\/figure>\n<\/figure>\n<\/div>\n\n\n\n<div class=\"wp-block-uagb-container uagb-block-cbf52579\">\n<figure class=\"wp-block-gallery has-nested-images columns-default is-cropped wp-block-gallery-3 is-layout-flex wp-block-gallery-is-layout-flex\">\n<figure class=\"wp-block-image size-large\"><img decoding=\"async\" loading=\"lazy\" width=\"768\" height=\"1024\" src=\"https:\/\/clinicadelpiesantaeugenia.com\/wp-content\/uploads\/2023\/09\/image7-1-768x1024.jpeg\" alt=\"\" class=\"wp-image-981\" srcset=\"https:\/\/clinicadelpiesantaeugenia.com\/wp-content\/uploads\/2023\/09\/image7-1-768x1024.jpeg 768w, https:\/\/clinicadelpiesantaeugenia.com\/wp-content\/uploads\/2023\/09\/image7-1-225x300.jpeg 225w, https:\/\/clinicadelpiesantaeugenia.com\/wp-content\/uploads\/2023\/09\/image7-1-1152x1536.jpeg 1152w, https:\/\/clinicadelpiesantaeugenia.com\/wp-content\/uploads\/2023\/09\/image7-1-1536x2048.jpeg 1536w, https:\/\/clinicadelpiesantaeugenia.com\/wp-content\/uploads\/2023\/09\/image7-1-600x800.jpeg 600w, https:\/\/clinicadelpiesantaeugenia.com\/wp-content\/uploads\/2023\/09\/image7-1-scaled.jpeg 1920w\" sizes=\"(max-width: 768px) 100vw, 768px\" \/><\/figure>\n<\/figure>\n<\/div>\n\n\n\n<div class=\"wp-block-uagb-container uagb-block-a6e88547\">\n<figure class=\"wp-block-gallery has-nested-images columns-default is-cropped wp-block-gallery-5 is-layout-flex wp-block-gallery-is-layout-flex\">\n<figure class=\"wp-block-image size-large\"><img decoding=\"async\" loading=\"lazy\" width=\"768\" height=\"1024\" src=\"https:\/\/clinicadelpiesantaeugenia.com\/wp-content\/uploads\/2023\/09\/image8-1-768x1024.jpeg\" alt=\"\" class=\"wp-image-982\" srcset=\"https:\/\/clinicadelpiesantaeugenia.com\/wp-content\/uploads\/2023\/09\/image8-1-768x1024.jpeg 768w, https:\/\/clinicadelpiesantaeugenia.com\/wp-content\/uploads\/2023\/09\/image8-1-225x300.jpeg 225w, https:\/\/clinicadelpiesantaeugenia.com\/wp-content\/uploads\/2023\/09\/image8-1-1152x1536.jpeg 1152w, https:\/\/clinicadelpiesantaeugenia.com\/wp-content\/uploads\/2023\/09\/image8-1-1536x2048.jpeg 1536w, https:\/\/clinicadelpiesantaeugenia.com\/wp-content\/uploads\/2023\/09\/image8-1-600x800.jpeg 600w, https:\/\/clinicadelpiesantaeugenia.com\/wp-content\/uploads\/2023\/09\/image8-1-scaled.jpeg 1920w\" sizes=\"(max-width: 768px) 100vw, 768px\" \/><\/figure>\n<\/figure>\n<\/div>\n\n\n\n<div class=\"wp-block-uagb-container uagb-block-fe60f394\">\n<figure class=\"wp-block-gallery has-nested-images columns-default is-cropped wp-block-gallery-7 is-layout-flex wp-block-gallery-is-layout-flex\">\n<figure class=\"wp-block-image size-large\"><img decoding=\"async\" loading=\"lazy\" width=\"768\" height=\"1024\" src=\"https:\/\/clinicadelpiesantaeugenia.com\/wp-content\/uploads\/2023\/09\/image11-1-768x1024.jpeg\" alt=\"\" class=\"wp-image-983\" srcset=\"https:\/\/clinicadelpiesantaeugenia.com\/wp-content\/uploads\/2023\/09\/image11-1-768x1024.jpeg 768w, https:\/\/clinicadelpiesantaeugenia.com\/wp-content\/uploads\/2023\/09\/image11-1-225x300.jpeg 225w, https:\/\/clinicadelpiesantaeugenia.com\/wp-content\/uploads\/2023\/09\/image11-1-1152x1536.jpeg 1152w, https:\/\/clinicadelpiesantaeugenia.com\/wp-content\/uploads\/2023\/09\/image11-1-1536x2048.jpeg 1536w, https:\/\/clinicadelpiesantaeugenia.com\/wp-content\/uploads\/2023\/09\/image11-1-600x800.jpeg 600w, https:\/\/clinicadelpiesantaeugenia.com\/wp-content\/uploads\/2023\/09\/image11-1-scaled.jpeg 1920w\" sizes=\"(max-width: 768px) 100vw, 768px\" \/><\/figure>\n<\/figure>\n<\/div>\n\n\n\n<div class=\"wp-block-uagb-container uagb-block-137847e6\">\n<figure class=\"wp-block-gallery has-nested-images columns-default is-cropped wp-block-gallery-9 is-layout-flex wp-block-gallery-is-layout-flex\">\n<figure class=\"wp-block-image size-large\"><img decoding=\"async\" loading=\"lazy\" width=\"768\" height=\"1024\" src=\"https:\/\/clinicadelpiesantaeugenia.com\/wp-content\/uploads\/2023\/09\/image9-1-768x1024.jpeg\" alt=\"\" class=\"wp-image-984\" srcset=\"https:\/\/clinicadelpiesantaeugenia.com\/wp-content\/uploads\/2023\/09\/image9-1-768x1024.jpeg 768w, https:\/\/clinicadelpiesantaeugenia.com\/wp-content\/uploads\/2023\/09\/image9-1-225x300.jpeg 225w, https:\/\/clinicadelpiesantaeugenia.com\/wp-content\/uploads\/2023\/09\/image9-1-1152x1536.jpeg 1152w, https:\/\/clinicadelpiesantaeugenia.com\/wp-content\/uploads\/2023\/09\/image9-1-1536x2048.jpeg 1536w, https:\/\/clinicadelpiesantaeugenia.com\/wp-content\/uploads\/2023\/09\/image9-1-600x800.jpeg 600w, https:\/\/clinicadelpiesantaeugenia.com\/wp-content\/uploads\/2023\/09\/image9-1-scaled.jpeg 1920w\" sizes=\"(max-width: 768px) 100vw, 768px\" \/><\/figure>\n<\/figure>\n<\/div>\n\n\n\n<div class=\"wp-block-uagb-container uagb-block-ed694ee7\">\n<figure class=\"wp-block-gallery has-nested-images columns-default is-cropped wp-block-gallery-11 is-layout-flex wp-block-gallery-is-layout-flex\">\n<figure class=\"wp-block-image size-large\"><img decoding=\"async\" loading=\"lazy\" width=\"768\" height=\"1024\" src=\"https:\/\/clinicadelpiesantaeugenia.com\/wp-content\/uploads\/2023\/09\/image12-1-768x1024.jpeg\" alt=\"\" class=\"wp-image-985\" srcset=\"https:\/\/clinicadelpiesantaeugenia.com\/wp-content\/uploads\/2023\/09\/image12-1-768x1024.jpeg 768w, https:\/\/clinicadelpiesantaeugenia.com\/wp-content\/uploads\/2023\/09\/image12-1-225x300.jpeg 225w, https:\/\/clinicadelpiesantaeugenia.com\/wp-content\/uploads\/2023\/09\/image12-1-1152x1536.jpeg 1152w, https:\/\/clinicadelpiesantaeugenia.com\/wp-content\/uploads\/2023\/09\/image12-1-1536x2048.jpeg 1536w, https:\/\/clinicadelpiesantaeugenia.com\/wp-content\/uploads\/2023\/09\/image12-1-600x800.jpeg 600w, https:\/\/clinicadelpiesantaeugenia.com\/wp-content\/uploads\/2023\/09\/image12-1-scaled.jpeg 1920w\" sizes=\"(max-width: 768px) 100vw, 768px\" \/><\/figure>\n<\/figure>\n<\/div>\n<\/div><\/div>\n\n\n\n<div class=\"wp-block-uagb-container uagb-block-0d5dbe33 alignfull uagb-is-root-container\"><div class=\"uagb-container-inner-blocks-wrap\">\n<div class=\"wp-block-uagb-container uagb-block-297e126c\">\n<figure class=\"wp-block-gallery has-nested-images columns-default is-cropped wp-block-gallery-13 is-layout-flex wp-block-gallery-is-layout-flex\">\n<figure class=\"wp-block-image size-large\"><img decoding=\"async\" loading=\"lazy\" width=\"768\" height=\"1024\" src=\"https:\/\/clinicadelpiesantaeugenia.com\/wp-content\/uploads\/2023\/09\/image14-1-768x1024.jpeg\" alt=\"\" class=\"wp-image-986\" srcset=\"https:\/\/clinicadelpiesantaeugenia.com\/wp-content\/uploads\/2023\/09\/image14-1-768x1024.jpeg 768w, https:\/\/clinicadelpiesantaeugenia.com\/wp-content\/uploads\/2023\/09\/image14-1-225x300.jpeg 225w, https:\/\/clinicadelpiesantaeugenia.com\/wp-content\/uploads\/2023\/09\/image14-1-1152x1536.jpeg 1152w, https:\/\/clinicadelpiesantaeugenia.com\/wp-content\/uploads\/2023\/09\/image14-1-1536x2048.jpeg 1536w, https:\/\/clinicadelpiesantaeugenia.com\/wp-content\/uploads\/2023\/09\/image14-1-600x800.jpeg 600w, https:\/\/clinicadelpiesantaeugenia.com\/wp-content\/uploads\/2023\/09\/image14-1-scaled.jpeg 1920w\" sizes=\"(max-width: 768px) 100vw, 768px\" \/><\/figure>\n<\/figure>\n<\/div>\n<\/div><\/div>\n","protected":false},"excerpt":{"rendered":"<p>Sobre nosotros\u200b Nuestro equipo<\/p>\n","protected":false},"author":1,"featured_media":0,"parent":0,"menu_order":0,"comment_status":"closed","ping_status":"closed","template":"","meta":{"_uag_custom_page_level_css":"","_monsterinsights_skip_tracking":false,"_monsterinsights_sitenote_active":false,"_monsterinsights_sitenote_note":"","_monsterinsights_sitenote_category":0,"site-sidebar-layout":"no-sidebar","site-content-layout":"plain-container","ast-site-content-layout":"normal-width-container","site-content-style":"unboxed","site-sidebar-style":"unboxed","ast-global-header-display":"","ast-banner-title-visibility":"","ast-main-header-display":"","ast-hfb-above-header-display":"","ast-hfb-below-header-display":"","ast-hfb-mobile-header-display":"","site-post-title":"disabled","ast-breadcrumbs-content":"","ast-featured-img":"disabled","footer-sml-layout":"","theme-transparent-header-meta":"disabled","adv-header-id-meta":"","stick-header-meta":"","header-above-stick-meta":"","header-main-stick-meta":"","header-below-stick-meta":"","astra-migrate-meta-layouts":"set","footnotes":""},"aioseo_notices":[],"uagb_featured_image_src":{"full":false,"thumbnail":false,"medium":false,"medium_large":false,"large":false,"1536x1536":false,"2048x2048":false,"woocommerce_thumbnail":false,"woocommerce_single":false,"woocommerce_gallery_thumbnail":false},"uagb_author_info":{"display_name":"clinicadelpiesantaeugenia.com","author_link":"https:\/\/clinicadelpiesantaeugenia.com\/index.php\/author\/clinicadelpiesantaeugenia-com\/"},"uagb_comment_info":0,"uagb_excerpt":"Sobre nosotros\u200b Nuestro equipo","_links":{"self":[{"href":"https:\/\/clinicadelpiesantaeugenia.com\/index.php\/wp-json\/wp\/v2\/pages\/218"}],"collection":[{"href":"https:\/\/clinicadelpiesantaeugenia.com\/index.php\/wp-json\/wp\/v2\/pages"}],"about":[{"href":"https:\/\/clinicadelpiesantaeugenia.com\/index.php\/wp-json\/wp\/v2\/types\/page"}],"author":[{"embeddable":true,"href":"https:\/\/clinicadelpiesantaeugenia.com\/index.php\/wp-json\/wp\/v2\/users\/1"}],"replies":[{"embeddable":true,"href":"https:\/\/clinicadelpiesantaeugenia.com\/index.php\/wp-json\/wp\/v2\/comments?post=218"}],"version-history":[{"count":26,"href":"https:\/\/clinicadelpiesantaeugenia.com\/index.php\/wp-json\/wp\/v2\/pages\/218\/revisions"}],"predecessor-version":[{"id":1191,"href":"https:\/\/clinicadelpiesantaeugenia.com\/index.php\/wp-json\/wp\/v2\/pages\/218\/revisions\/1191"}],"wp:attachment":[{"href":"https:\/\/clinicadelpiesantaeugenia.com\/index.php\/wp-json\/wp\/v2\/media?parent=218"}],"curies":[{"name":"wp","href":"https:\/\/api.w.org\/{rel}","templated":true}]}}