{"id":217,"date":"2020-05-12T03:43:03","date_gmt":"2020-05-12T01:43:03","guid":{"rendered":"https:\/\/clinicadelpiesantaeugenia.com\/index.php\/home\/"},"modified":"2023-09-24T15:24:14","modified_gmt":"2023-09-24T13:24:14","slug":"inicio","status":"publish","type":"page","link":"https:\/\/clinicadelpiesantaeugenia.com\/","title":{"rendered":"Inicio"},"content":{"rendered":"\n<div class=\"wp-block-uagb-container uagb-block-07933978 alignfull uagb-is-root-container\"><div class=\"uagb-container-inner-blocks-wrap\">\n<div class=\"wp-block-uagb-info-box uagb-block-425cc6b4 uagb-infobox__content-wrap  uagb-infobox-icon-above-title uagb-infobox-image-valign-top\"><div class=\"uagb-ifb-content\"><div class=\"uagb-ifb-title-wrap\"><span class=\"uagb-ifb-title-prefix\">\u200b<\/span><h1 class=\"uagb-ifb-title\">Cuidamos de ti<\/h1><\/div><p class=\"uagb-ifb-desc\">Con m\u00e1s de 25 a\u00f1os de experiencia ofrecemos servicios profesionales y cercanos a nuestros pacientes.<\/p><\/div><\/div>\n<\/div><\/div>\n\n\n\n<div class=\"wp-block-uagb-container uagb-block-71f7405a alignfull uagb-is-root-container\"><div class=\"uagb-container-inner-blocks-wrap\">\n<div class=\"wp-block-uagb-container uagb-block-45404628\">\n<div class=\"wp-block-uagb-advanced-heading uagb-block-e669451d\"><h2 class=\"uagb-heading-text\">Cl\u00ednica del pie Santa<br>Eugenia<\/h2><\/div>\n<\/div>\n\n\n\n<div class=\"wp-block-uagb-container uagb-block-3aabc2a9\">\n<div class=\"wp-block-uagb-advanced-heading uagb-block-be433fae\"><p class=\"uagb-desc-text\">La cl\u00ednica del pie Santa Eugenia es un centro de podolog\u00eda situado en el barrio de Santa Eugenia que cuenta con una amplia experiencia en una gran variedad de tratamientos. Nuestra cl\u00ednica se distingue por ofrecer una atenci\u00f3n integral y de alta calidad a pacientes de todas las edades que buscan mejorar su salud y bienestar a trav\u00e9s de la podolog\u00eda<\/p><\/div>\n\n\n\n<div class=\"wp-block-uagb-buttons uagb-buttons__outer-wrap uagb-btn__default-btn uagb-btn-tablet__default-btn uagb-btn-mobile__default-btn uagb-block-255a4bb3\"><div class=\"uagb-buttons__wrap uagb-buttons-layout-wrap\">\n<div class=\"wp-block-uagb-buttons-child uagb-buttons__outer-wrap uagb-block-27480850 wp-block-button\"><div class=\"uagb-button__wrapper\"><a class=\"uagb-buttons-repeater wp-block-button__link\" href=\"https:\/\/clinicadelpiesantaeugenia.com\/index.php\/sobre-nosotros\/\" onclick=\"return true;\" rel=\"follow noopener\" target=\"_self\"><div class=\"uagb-button__link\">Sobre nosotros<\/div><\/a><\/div><\/div>\n<\/div><\/div>\n<\/div>\n<\/div><\/div>\n\n\n\n<div class=\"wp-block-uagb-container uagb-block-66fc4cf8 alignfull uagb-is-root-container\"><div class=\"uagb-container-inner-blocks-wrap\">\n<div class=\"wp-block-columns alignwide is-layout-flex wp-container-10 wp-block-columns-is-layout-flex\">\n<div class=\"wp-block-column is-layout-flow wp-block-column-is-layout-flow\">\n<div class=\"wp-block-cover is-light has-custom-content-position is-position-bottom-center has-white-color\"><span aria-hidden=\"true\" class=\"wp-block-cover__background has-background-dim\"><\/span><img decoding=\"async\" loading=\"lazy\" width=\"2560\" height=\"1706\" class=\"wp-block-cover__image-background wp-image-1106\" alt=\"\" src=\"https:\/\/clinicadelpiesantaeugenia.com\/wp-content\/uploads\/2023\/09\/educacion-2-scaled.jpg\" data-object-fit=\"cover\" srcset=\"https:\/\/clinicadelpiesantaeugenia.com\/wp-content\/uploads\/2023\/09\/educacion-2-scaled.jpg 2560w, https:\/\/clinicadelpiesantaeugenia.com\/wp-content\/uploads\/2023\/09\/educacion-2-300x200.jpg 300w, https:\/\/clinicadelpiesantaeugenia.com\/wp-content\/uploads\/2023\/09\/educacion-2-1024x683.jpg 1024w, https:\/\/clinicadelpiesantaeugenia.com\/wp-content\/uploads\/2023\/09\/educacion-2-768x512.jpg 768w, https:\/\/clinicadelpiesantaeugenia.com\/wp-content\/uploads\/2023\/09\/educacion-2-1536x1024.jpg 1536w, https:\/\/clinicadelpiesantaeugenia.com\/wp-content\/uploads\/2023\/09\/educacion-2-2048x1365.jpg 2048w, https:\/\/clinicadelpiesantaeugenia.com\/wp-content\/uploads\/2023\/09\/educacion-2-600x400.jpg 600w\" sizes=\"(max-width: 2560px) 100vw, 2560px\" \/><div class=\"wp-block-cover__inner-container is-layout-flow wp-block-cover-is-layout-flow\">\n<h4 class=\"wp-block-heading has-large-font-size\">SOBRE NOSOTROS<\/h4>\n\n\n\n<div class=\"wp-block-buttons is-content-justification-center is-layout-flex wp-container-1 wp-block-buttons-is-layout-flex\">\n<div class=\"wp-block-button has-custom-font-size is-style-outline has-small-font-size\"><a class=\"wp-block-button__link has-ast-global-color-7-color has-text-color has-text-align-center wp-element-button\" href=\"https:\/\/clinicadelpiesantaeugenia.com\/index.php\/sobre-nosotros\/\" style=\"border-width:3px\">M\u00c1S INFORMACI\u00d3N<\/a><\/div>\n<\/div>\n<\/div><\/div>\n<\/div>\n\n\n\n<div class=\"wp-block-column is-layout-flow wp-block-column-is-layout-flow\">\n<div class=\"wp-block-cover is-light has-custom-content-position is-position-bottom-center has-white-color\"><span aria-hidden=\"true\" class=\"wp-block-cover__background has-background-dim\"><\/span><img decoding=\"async\" loading=\"lazy\" width=\"2560\" height=\"1707\" class=\"wp-block-cover__image-background wp-image-1105\" alt=\"\" src=\"https:\/\/clinicadelpiesantaeugenia.com\/wp-content\/uploads\/2023\/09\/terapia-fisica-1-scaled.jpg\" data-object-fit=\"cover\" srcset=\"https:\/\/clinicadelpiesantaeugenia.com\/wp-content\/uploads\/2023\/09\/terapia-fisica-1-scaled.jpg 2560w, https:\/\/clinicadelpiesantaeugenia.com\/wp-content\/uploads\/2023\/09\/terapia-fisica-1-300x200.jpg 300w, https:\/\/clinicadelpiesantaeugenia.com\/wp-content\/uploads\/2023\/09\/terapia-fisica-1-1024x683.jpg 1024w, https:\/\/clinicadelpiesantaeugenia.com\/wp-content\/uploads\/2023\/09\/terapia-fisica-1-768x512.jpg 768w, https:\/\/clinicadelpiesantaeugenia.com\/wp-content\/uploads\/2023\/09\/terapia-fisica-1-1536x1024.jpg 1536w, https:\/\/clinicadelpiesantaeugenia.com\/wp-content\/uploads\/2023\/09\/terapia-fisica-1-2048x1365.jpg 2048w, https:\/\/clinicadelpiesantaeugenia.com\/wp-content\/uploads\/2023\/09\/terapia-fisica-1-600x400.jpg 600w\" sizes=\"(max-width: 2560px) 100vw, 2560px\" \/><div class=\"wp-block-cover__inner-container is-layout-flow wp-block-cover-is-layout-flow\">\n<h1 class=\"wp-block-heading has-text-align-center has-large-font-size\">SERVICIOS<\/h1>\n\n\n\n<div class=\"wp-block-buttons is-content-justification-center is-layout-flex wp-container-4 wp-block-buttons-is-layout-flex\">\n<div class=\"wp-block-button has-custom-font-size is-style-outline has-small-font-size\"><a class=\"wp-block-button__link has-ast-global-color-7-color has-text-color has-text-align-center wp-element-button\" href=\"https:\/\/clinicadelpiesantaeugenia.com\/index.php\/servicios\/\" style=\"border-width:3px\">M\u00c1S INFORMACI\u00d3N<\/a><\/div>\n<\/div>\n<\/div><\/div>\n<\/div>\n\n\n\n<div class=\"wp-block-column is-layout-flow wp-block-column-is-layout-flow\">\n<div class=\"wp-block-cover is-light has-custom-content-position is-position-bottom-center has-white-color\"><span aria-hidden=\"true\" class=\"wp-block-cover__background has-background-dim\"><\/span><img decoding=\"async\" loading=\"lazy\" width=\"1920\" height=\"2560\" class=\"wp-block-cover__image-background wp-image-1122\" alt=\"\" src=\"https:\/\/clinicadelpiesantaeugenia.com\/wp-content\/uploads\/2023\/09\/image11-2-scaled.jpeg\" style=\"object-position:49% 100%\" data-object-fit=\"cover\" data-object-position=\"49% 100%\" srcset=\"https:\/\/clinicadelpiesantaeugenia.com\/wp-content\/uploads\/2023\/09\/image11-2-scaled.jpeg 1920w, https:\/\/clinicadelpiesantaeugenia.com\/wp-content\/uploads\/2023\/09\/image11-2-225x300.jpeg 225w, https:\/\/clinicadelpiesantaeugenia.com\/wp-content\/uploads\/2023\/09\/image11-2-768x1024.jpeg 768w, https:\/\/clinicadelpiesantaeugenia.com\/wp-content\/uploads\/2023\/09\/image11-2-1152x1536.jpeg 1152w, https:\/\/clinicadelpiesantaeugenia.com\/wp-content\/uploads\/2023\/09\/image11-2-1536x2048.jpeg 1536w, https:\/\/clinicadelpiesantaeugenia.com\/wp-content\/uploads\/2023\/09\/image11-2-600x800.jpeg 600w\" sizes=\"(max-width: 1920px) 100vw, 1920px\" \/><div class=\"wp-block-cover__inner-container is-layout-flow wp-block-cover-is-layout-flow\">\n<h1 class=\"wp-block-heading has-text-align-left has-large-font-size\">CONTACTA CON NOSOTROS<\/h1>\n\n\n\n<div class=\"wp-block-buttons is-content-justification-center is-layout-flex wp-container-7 wp-block-buttons-is-layout-flex\">\n<div class=\"wp-block-button has-custom-font-size is-style-outline has-small-font-size\"><a class=\"wp-block-button__link has-ast-global-color-7-color has-text-color has-text-align-center wp-element-button\" href=\"https:\/\/clinicadelpiesantaeugenia.com\/index.php\/contacto\/\" style=\"border-width:3px\">M\u00c1S INFORMACI\u00d3N<\/a><\/div>\n<\/div>\n<\/div><\/div>\n<\/div>\n<\/div>\n<\/div><\/div>\n\n\n\n<div class=\"wp-block-uagb-container uagb-block-5e1e6a43 alignfull uagb-is-root-container\"><div class=\"uagb-container-inner-blocks-wrap\">\n<div class=\"wp-block-uagb-container uagb-block-48b4b241 alignfull uagb-is-root-container\"><div class=\"uagb-container-inner-blocks-wrap\"><\/div><\/div>\n\n\n\n<div class=\"wp-block-buttons is-layout-flex wp-block-buttons-is-layout-flex\"><\/div>\n\n\n<div class=\"ti-widget ti-goog\" data-layout-id=\"4\" data-set-id=\"light-background\" data-pid=\"b5167179c03e50ec942cb\" data-pager-autoplay-timeout=\"6\" data-review-target-width=\"300\" > <div class=\"ti-widget-container ti-col-3\"> <div class=\"ti-reviews-container\"> <div class=\"ti-controls\"> <div class=\"ti-next\"><\/div> <div class=\"ti-prev\"><\/div> <\/div> <div class=\"ti-reviews-container-wrapper\">  <div data-empty=\"0\" class=\"ti-review-item source-Google\" > <div class=\"ti-inner\"> <div class=\"ti-review-header\"> <div class=\"ti-profile-img\"> <img src=\"https:\/\/lh3.googleusercontent.com\/a-\/ALV-UjU9sFgGUaN1org1U2L3pxO419oP8ExefMQTsX7NVVYWxA=s120-c-rp-mo-br100\" alt=\"Jose Granero\" \/> <\/div> <div class=\"ti-profile-details\"> <div class=\"ti-name\"> Jose Granero <\/div> <div class=\"ti-date\">2023-06-17<\/div> <\/div> <\/div> <span class=\"ti-stars\"><span class=\"ti-star f\"><\/span><span class=\"ti-star f\"><\/span><span class=\"ti-star f\"><\/span><span class=\"ti-star f\"><\/span><span class=\"ti-star f\"><\/span><\/span> <div class=\"ti-review-content\"><!-- R-CONTENT -->Llevo siendo paciente m\u00e1s de 1 a\u00f1o y solo tengo palabras buenas de esta cl\u00ednica. La chica de recepci\u00f3n es muy amable y Claudia es quien cuida y mima mis pies, ocup\u00e1ndose de tenerlos on point, es de lo mejorcito que conozco. \ud83d\ude42 Resumiendo, calidad-precio inmejorables<!-- R-CONTENT --><\/div> <span class=\"ti-read-more\" data-container=\".ti-review-content\" data-collapse-text=\"Ocultar\" data-open-text=\"Leer m\u00e1s\"><\/span> <\/div> <\/div>  <div data-empty=\"0\" class=\"ti-review-item source-Google\" > <div class=\"ti-inner\"> <div class=\"ti-review-header\"> <div class=\"ti-profile-img\"> <img src=\"https:\/\/lh3.googleusercontent.com\/a-\/ALV-UjWgbSshNnTWIV8IWm_LkZj9yyGfmAARJTgRM6lLsGZj-Dc=s120-c-rp-mo-br100\" alt=\"Luc\u00eda Vel\u00e1zquez\" \/> <\/div> <div class=\"ti-profile-details\"> <div class=\"ti-name\"> Luc\u00eda Vel\u00e1zquez <\/div> <div class=\"ti-date\">2023-06-16<\/div> <\/div> <\/div> <span class=\"ti-stars\"><span class=\"ti-star f\"><\/span><span class=\"ti-star f\"><\/span><span class=\"ti-star f\"><\/span><span class=\"ti-star f\"><\/span><span class=\"ti-star f\"><\/span><\/span> <div class=\"ti-review-content\"><!-- R-CONTENT -->Adoro su servicio y amabilidad. S\u00faper profesionales y puntuales<!-- R-CONTENT --><\/div> <span class=\"ti-read-more\" data-container=\".ti-review-content\" data-collapse-text=\"Ocultar\" data-open-text=\"Leer m\u00e1s\"><\/span> <\/div> <\/div>  <div data-empty=\"0\" class=\"ti-review-item source-Google\" > <div class=\"ti-inner\"> <div class=\"ti-review-header\"> <div class=\"ti-profile-img\"> <img src=\"https:\/\/lh3.googleusercontent.com\/a-\/ALV-UjUtwFdywnMmnNNC-vrDy8WJhOWVqTvilwBw_e-ba1dMgpk=s120-c-rp-mo-br100\" alt=\"Alvaro Martinez\" \/> <\/div> <div class=\"ti-profile-details\"> <div class=\"ti-name\"> Alvaro Martinez <\/div> <div class=\"ti-date\">2023-05-07<\/div> <\/div> <\/div> <span class=\"ti-stars\"><span class=\"ti-star f\"><\/span><span class=\"ti-star f\"><\/span><span class=\"ti-star f\"><\/span><span class=\"ti-star f\"><\/span><span class=\"ti-star f\"><\/span><\/span> <div class=\"ti-review-content\"><!-- R-CONTENT -->Solo Claudia y yo sabemos el sufrimiento que he pasado estos meses debido a una u\u00f1a encarnada.\nEternamente agradecido por la soluci\u00f3n tan r\u00e1pida y eficaz adem\u00e1s de su amabilidad.<!-- R-CONTENT --><\/div> <span class=\"ti-read-more\" data-container=\".ti-review-content\" data-collapse-text=\"Ocultar\" data-open-text=\"Leer m\u00e1s\"><\/span> <\/div> <\/div>  <div data-empty=\"0\" class=\"ti-review-item source-Google\" > <div class=\"ti-inner\"> <div class=\"ti-review-header\"> <div class=\"ti-profile-img\"> <img src=\"https:\/\/lh3.googleusercontent.com\/a\/ACg8ocKERM8R6NnNCyAI2C7Y7o-ztTXWkWdVFPskX3GkU56mrg=s120-c-rp-mo-br100\" alt=\"Alejandro L\u00f3pez\" \/> <\/div> <div class=\"ti-profile-details\"> <div class=\"ti-name\"> Alejandro L\u00f3pez <\/div> <div class=\"ti-date\">2023-05-07<\/div> <\/div> <\/div> <span class=\"ti-stars\"><span class=\"ti-star f\"><\/span><span class=\"ti-star f\"><\/span><span class=\"ti-star f\"><\/span><span class=\"ti-star f\"><\/span><span class=\"ti-star f\"><\/span><\/span> <div class=\"ti-review-content\"><!-- R-CONTENT -->He probado var\u00edas Clinicas y sin duda me quedo con esta! El trato fue impecable una gran profesional y me ha seguido el tratamiento s\u00faper personalizadamente. Feliz porque me han solucionado el problema!<!-- R-CONTENT --><\/div> <span class=\"ti-read-more\" data-container=\".ti-review-content\" data-collapse-text=\"Ocultar\" data-open-text=\"Leer m\u00e1s\"><\/span> <\/div> <\/div>  <div data-empty=\"0\" class=\"ti-review-item source-Google\" > <div class=\"ti-inner\"> <div class=\"ti-review-header\"> <div class=\"ti-profile-img\"> <img src=\"https:\/\/lh3.googleusercontent.com\/a-\/ALV-UjWh3FaeD9IieqzAN6Hqe2rzWRakQ8Oosbl9JVi-pnly8Q=s120-c-rp-mo-br100\" alt=\"Sergio Corchero\" \/> <\/div> <div class=\"ti-profile-details\"> <div class=\"ti-name\"> Sergio Corchero <\/div> <div class=\"ti-date\">2023-04-22<\/div> <\/div> <\/div> <span class=\"ti-stars\"><span class=\"ti-star f\"><\/span><span class=\"ti-star f\"><\/span><span class=\"ti-star f\"><\/span><span class=\"ti-star f\"><\/span><span class=\"ti-star f\"><\/span><\/span> <div class=\"ti-review-content\"><!-- R-CONTENT -->Primero agradecer por hacerme un hueco el viernes y arreglarme el desaguisado que ten\u00eda en los dedos \u2018gordos\u2019 de los pies. Decir que la impresi\u00f3n fue inmejorable, Claudia es una profesional de categor\u00eda, en todo momento me fue explicando los pasos a seguir y d\u00e1ndome consejos para que no me pase lo mismo or que ten\u00eda las u\u00f1as que parec\u00eda el conde Dracula, encarnadas y destrozadas de haberme auto cortado yo con los alicates. Ella me los dejo como nuevos en menos que canta un Gallo. Sin duda ahora es mi cl\u00edquenla de podolog\u00eda. Muchas gracias<!-- R-CONTENT --><\/div> <span class=\"ti-read-more\" data-container=\".ti-review-content\" data-collapse-text=\"Ocultar\" data-open-text=\"Leer m\u00e1s\"><\/span> <\/div> <\/div>  <div data-empty=\"0\" class=\"ti-review-item source-Google\" > <div class=\"ti-inner\"> <div class=\"ti-review-header\"> <div class=\"ti-profile-img\"> <img src=\"https:\/\/lh3.googleusercontent.com\/a-\/ALV-UjVVJyWGWx0ntcemxht-m9Hpjlf0G5CowavZHBBG06GU7nE=s120-c-rp-mo-br100\" alt=\"Gonzalo Abarca Diez\" \/> <\/div> <div class=\"ti-profile-details\"> <div class=\"ti-name\"> Gonzalo Abarca Diez <\/div> <div class=\"ti-date\">2023-04-21<\/div> <\/div> <\/div> <span class=\"ti-stars\"><span class=\"ti-star f\"><\/span><span class=\"ti-star f\"><\/span><span class=\"ti-star f\"><\/span><span class=\"ti-star f\"><\/span><span class=\"ti-star f\"><\/span><\/span> <div class=\"ti-review-content\"><!-- R-CONTENT -->Estuve con Paula para quitarme unos callos y arreglarme las u\u00f1as. Muy simp\u00e1tica y una buena profesional. Volver\u00e9.<!-- R-CONTENT --><\/div> <span class=\"ti-read-more\" data-container=\".ti-review-content\" data-collapse-text=\"Ocultar\" data-open-text=\"Leer m\u00e1s\"><\/span> <\/div> <\/div>  <div data-empty=\"0\" class=\"ti-review-item source-Google\" > <div class=\"ti-inner\"> <div class=\"ti-review-header\"> <div class=\"ti-profile-img\"> <img src=\"https:\/\/lh3.googleusercontent.com\/a\/ACg8ocLv47DqwkLBRDPA3XaCQGaM2dt6fRjkjOhR14KCLdqK=s120-c-rp-mo-br100\" alt=\"Cristian Fernandez collado\" \/> <\/div> <div class=\"ti-profile-details\"> <div class=\"ti-name\"> Cristian Fernandez collado <\/div> <div class=\"ti-date\">2023-04-09<\/div> <\/div> <\/div> <span class=\"ti-stars\"><span class=\"ti-star f\"><\/span><span class=\"ti-star f\"><\/span><span class=\"ti-star f\"><\/span><span class=\"ti-star f\"><\/span><span class=\"ti-star f\"><\/span><\/span> <div class=\"ti-review-content\"><!-- R-CONTENT -->Muy buen servicio, una cl\u00ednica estupenda y profesional. Volver\u00e9!<!-- R-CONTENT --><\/div> <span class=\"ti-read-more\" data-container=\".ti-review-content\" data-collapse-text=\"Ocultar\" data-open-text=\"Leer m\u00e1s\"><\/span> <\/div> <\/div>  <div data-empty=\"0\" class=\"ti-review-item source-Google\" > <div class=\"ti-inner\"> <div class=\"ti-review-header\"> <div class=\"ti-profile-img\"> <img src=\"https:\/\/lh3.googleusercontent.com\/a\/ACg8ocKd_VDWt33jN05ZaKkLzeenYZhbhU0ZWVxL2f0CvPpB=s120-c-rp-mo-br100\" alt=\"Carlos Hern\u00e1ndez\" \/> <\/div> <div class=\"ti-profile-details\"> <div class=\"ti-name\"> Carlos Hern\u00e1ndez <\/div> <div class=\"ti-date\">2023-04-01<\/div> <\/div> <\/div> <span class=\"ti-stars\"><span class=\"ti-star f\"><\/span><span class=\"ti-star f\"><\/span><span class=\"ti-star f\"><\/span><span class=\"ti-star f\"><\/span><span class=\"ti-star f\"><\/span><\/span> <div class=\"ti-review-content\"><!-- R-CONTENT -->Estuve por primera vez y me gusto mucho el cuidado con el que trabajan y el trato que tienen, volver\u00e9 seguro.<!-- R-CONTENT --><\/div> <span class=\"ti-read-more\" data-container=\".ti-review-content\" data-collapse-text=\"Ocultar\" data-open-text=\"Leer m\u00e1s\"><\/span> <\/div> <\/div>  <div data-empty=\"0\" class=\"ti-review-item source-Google\" > <div class=\"ti-inner\"> <div class=\"ti-review-header\"> <div class=\"ti-profile-img\"> <img src=\"https:\/\/lh3.googleusercontent.com\/a\/ACg8ocJ74D9wVSRgUtyN-h-gXhKgxSBWsxiyxTH2S2GwFIYp=s120-c-rp-mo-br100\" alt=\"Jaime Pe\u00f1a de Berrazueta\" \/> <\/div> <div class=\"ti-profile-details\"> <div class=\"ti-name\"> Jaime Pe\u00f1a de Berrazueta <\/div> <div class=\"ti-date\">2023-03-31<\/div> <\/div> <\/div> <span class=\"ti-stars\"><span class=\"ti-star f\"><\/span><span class=\"ti-star f\"><\/span><span class=\"ti-star f\"><\/span><span class=\"ti-star f\"><\/span><span class=\"ti-star f\"><\/span><\/span> <div class=\"ti-review-content\"><!-- R-CONTENT -->Ten\u00eda varias fracturas en el pie por una ca\u00edda de moto. Claudia me hizo un estudio completo partiendo de mi historia cl\u00ednica. Muy met\u00f3dica y profesional, proponi\u00e9ndome la mejor soluci\u00f3n y contestando todas mis dudas detalladamente. Lo recomiendo al 100%.<!-- R-CONTENT --><\/div> <span class=\"ti-read-more\" data-container=\".ti-review-content\" data-collapse-text=\"Ocultar\" data-open-text=\"Leer m\u00e1s\"><\/span> <\/div> <\/div>  <div data-empty=\"0\" class=\"ti-review-item source-Google\" > <div class=\"ti-inner\"> <div class=\"ti-review-header\"> <div class=\"ti-profile-img\"> <img src=\"https:\/\/lh3.googleusercontent.com\/a\/ACg8ocJv44SaADv2xdijLDIPzKgL8OU07Bs7OB-FC2ht-diu=s120-c-rp-mo-br100\" alt=\"Antonio\" \/> <\/div> <div class=\"ti-profile-details\"> <div class=\"ti-name\"> Antonio <\/div> <div class=\"ti-date\">2023-03-04<\/div> <\/div> <\/div> <span class=\"ti-stars\"><span class=\"ti-star f\"><\/span><span class=\"ti-star f\"><\/span><span class=\"ti-star f\"><\/span><span class=\"ti-star f\"><\/span><span class=\"ti-star f\"><\/span><\/span> <div class=\"ti-review-content\"><!-- R-CONTENT -->Despu\u00e9s de ir a varias cl\u00ednicas en las que no encontraban soluci\u00f3n a mi problema, me aconsejaron esta cl\u00ednica y dieron con el desde el minuto uno, grandes profesionales, los recomiendo 100x100.<!-- R-CONTENT --><\/div> <span class=\"ti-read-more\" data-container=\".ti-review-content\" data-collapse-text=\"Ocultar\" data-open-text=\"Leer m\u00e1s\"><\/span> <\/div> <\/div>  <\/div> <div class=\"ti-controls-line\"> <div class=\"dot\"><\/div> <\/div> <\/div> <div class=\"ti-footer\"> <div class=\"ti-rating-text\"> <span class=\"nowrap\">La evaluaci\u00f3n general en <strong>Google<\/strong> es <\/span><span class=\"nowrap\"><strong>4.7<\/strong> de 5, <\/span><span class=\"nowrap\">en base a <strong>28 evaluaciones<\/strong><\/span> <\/div> <\/div>  <\/div> <\/div>\n<\/div><\/div>\n\n\n\n<div class=\"wp-block-uagb-container uagb-block-a502f2c7 alignfull uagb-is-root-container\"><div class=\"uagb-container-inner-blocks-wrap\"><\/div><\/div>\n\n\n\n<div class=\"wp-block-uagb-container uagb-block-737cf484 alignfull uagb-is-root-container\"><div class=\"uagb-container-inner-blocks-wrap\">\n<div class=\"wp-block-uagb-info-box uagb-block-a1136e67 uagb-infobox__content-wrap  uagb-infobox-icon-above-title uagb-infobox-image-valign-top\"><div class=\"uagb-ifb-content\"><div class=\"uagb-ifb-title-wrap\"><h2 class=\"uagb-ifb-title\">Contacta con nosotros<\/h2><\/div><p class=\"uagb-ifb-desc\">Para concertar una cita u obtener informaci\u00f3n sobre cualquiera de nuestros servicios, no dudes en ponerte en contacto con nosotros v\u00eda mail, telef\u00f3nica o a trav\u00e9s de la web.\u200b<\/p><div class=\"uagb-ifb-button-wrapper wp-block-button\"><a href=\"https:\/\/clinicadelpiesantaeugenia.com\/index.php\/contacto\/\" class=\"uagb-infobox-cta-link wp-block-button__link\" target=\"_self\" rel=\"noopener noreferrer\" onclick=\"return true;\" alt=\"\"><span class=\"uagb-inline-editing\">Contacta con nosotros<\/span><\/a><\/div><\/div><\/div>\n<\/div><\/div>\n\n\n\n<div class=\"wp-block-uagb-container uagb-block-0ea5a1d8 alignfull uagb-is-root-container\"><div class=\"uagb-container-inner-blocks-wrap\"><\/div><\/div>\n","protected":false},"excerpt":{"rendered":"<p>Cl\u00ednica del pie SantaEugenia La cl\u00ednica del pie Santa Eugenia es un centro de podolog\u00eda situado en el barrio de Santa Eugenia que cuenta con una amplia experiencia en una gran variedad de tratamientos. Nuestra cl\u00ednica se distingue por ofrecer una atenci\u00f3n integral y de alta calidad a pacientes de todas las edades que buscan &hellip;<\/p>\n<p class=\"read-more\"> <a class=\"\" href=\"https:\/\/clinicadelpiesantaeugenia.com\/\"> <span class=\"screen-reader-text\">Inicio<\/span> Read More &raquo;<\/a><\/p>\n","protected":false},"author":1,"featured_media":0,"parent":0,"menu_order":0,"comment_status":"closed","ping_status":"closed","template":"","meta":{"_uag_custom_page_level_css":"","_monsterinsights_skip_tracking":false,"_monsterinsights_sitenote_active":false,"_monsterinsights_sitenote_note":"","_monsterinsights_sitenote_category":0,"site-sidebar-layout":"no-sidebar","site-content-layout":"plain-container","ast-site-content-layout":"normal-width-container","site-content-style":"unboxed","site-sidebar-style":"unboxed","ast-global-header-display":"","ast-banner-title-visibility":"","ast-main-header-display":"","ast-hfb-above-header-display":"","ast-hfb-below-header-display":"","ast-hfb-mobile-header-display":"","site-post-title":"disabled","ast-breadcrumbs-content":"","ast-featured-img":"disabled","footer-sml-layout":"","theme-transparent-header-meta":"disabled","adv-header-id-meta":"","stick-header-meta":"","header-above-stick-meta":"","header-main-stick-meta":"","header-below-stick-meta":"","astra-migrate-meta-layouts":"set","footnotes":""},"aioseo_notices":[],"uagb_featured_image_src":{"full":false,"thumbnail":false,"medium":false,"medium_large":false,"large":false,"1536x1536":false,"2048x2048":false,"woocommerce_thumbnail":false,"woocommerce_single":false,"woocommerce_gallery_thumbnail":false},"uagb_author_info":{"display_name":"clinicadelpiesantaeugenia.com","author_link":"https:\/\/clinicadelpiesantaeugenia.com\/index.php\/author\/clinicadelpiesantaeugenia-com\/"},"uagb_comment_info":0,"uagb_excerpt":"Cl\u00ednica del pie SantaEugenia La cl\u00ednica del pie Santa Eugenia es un centro de podolog\u00eda situado en el barrio de Santa Eugenia que cuenta con una amplia experiencia en una gran variedad de tratamientos. Nuestra cl\u00ednica se distingue por ofrecer una atenci\u00f3n integral y de alta calidad a pacientes de todas las edades que buscan&hellip;","_links":{"self":[{"href":"https:\/\/clinicadelpiesantaeugenia.com\/index.php\/wp-json\/wp\/v2\/pages\/217"}],"collection":[{"href":"https:\/\/clinicadelpiesantaeugenia.com\/index.php\/wp-json\/wp\/v2\/pages"}],"about":[{"href":"https:\/\/clinicadelpiesantaeugenia.com\/index.php\/wp-json\/wp\/v2\/types\/page"}],"author":[{"embeddable":true,"href":"https:\/\/clinicadelpiesantaeugenia.com\/index.php\/wp-json\/wp\/v2\/users\/1"}],"replies":[{"embeddable":true,"href":"https:\/\/clinicadelpiesantaeugenia.com\/index.php\/wp-json\/wp\/v2\/comments?post=217"}],"version-history":[{"count":44,"href":"https:\/\/clinicadelpiesantaeugenia.com\/index.php\/wp-json\/wp\/v2\/pages\/217\/revisions"}],"predecessor-version":[{"id":1192,"href":"https:\/\/clinicadelpiesantaeugenia.com\/index.php\/wp-json\/wp\/v2\/pages\/217\/revisions\/1192"}],"wp:attachment":[{"href":"https:\/\/clinicadelpiesantaeugenia.com\/index.php\/wp-json\/wp\/v2\/media?parent=217"}],"curies":[{"name":"wp","href":"https:\/\/api.w.org\/{rel}","templated":true}]}}